{"id":44,"date":"2024-03-21T22:19:09","date_gmt":"2024-03-21T22:19:09","guid":{"rendered":"https:\/\/www.xn--gremioprofesionalesuasypeluqueria-mfd.com\/?page_id=44"},"modified":"2024-06-04T03:44:48","modified_gmt":"2024-06-04T03:44:48","slug":"av-de-la-industria-no52-53","status":"publish","type":"page","link":"https:\/\/www.xn--gremioprofesionalesuasypeluqueria-mfd.com\/","title":{"rendered":"PRODUCTOS PROFESIONALES"},"content":{"rendered":"\n<h3 class=\"wp-block-heading has-text-align-center\"><a href=\"https:\/\/maps.app.goo.gl\/8t1zPs9P3PDSsMV29\">PELUQUER\u00cdA &#8211; U\u00d1AS ESCULPIDAS &#8211; EST\u00c9TICA<\/a><\/h3>\n\n\n\n<h3 class=\"wp-block-heading has-text-align-center\"><a href=\"tel:+34955159199\" data-type=\"tel\" data-id=\"tel:+34955159199\"> Tel: 955 159 199<\/a> <\/h3>\n\n\n\n<h3 class=\"wp-block-heading has-text-align-center\"><a href=\"tel:+34697288777\">M\u00f3vil: 697 288 777<\/a><\/h3>\n\n\n\n<h2 class=\"wp-block-heading has-text-align-center\"><a href=\"https:\/\/wa.me\/34697288777?text=Buenas%20tardes%20quisiera%20preguntar%3A\" target=\"_blank\" rel=\"noreferrer noopener nofollow\">WhatsApp: 697288777<\/a><\/h2>\n\n\n<div class=\"wp-block-image\">\n<figure class=\"aligncenter size-full\" id=\"direccion\"><a class=\"direccion\" href=\"https:\/\/maps.app.goo.gl\/8t1zPs9P3PDSsMV29\" target=\"_blank\" rel=\"noreferrer noopener\"><img loading=\"lazy\" decoding=\"async\" width=\"632\" height=\"418\" src=\"https:\/\/www.xn--gremioprofesionalesuasypeluqueria-mfd.com\/wp-content\/uploads\/2024\/03\/Entrada-1.png\" alt=\"Entrada Lanny\" class=\"wp-image-79\" srcset=\"https:\/\/www.xn--gremioprofesionalesuasypeluqueria-mfd.com\/wp-content\/uploads\/2024\/03\/Entrada-1.png 632w, https:\/\/www.xn--gremioprofesionalesuasypeluqueria-mfd.com\/wp-content\/uploads\/2024\/03\/Entrada-1-300x198.png 300w, https:\/\/www.xn--gremioprofesionalesuasypeluqueria-mfd.com\/wp-content\/uploads\/2024\/03\/Entrada-1-91x60.png 91w\" sizes=\"auto, (max-width: 632px) 100vw, 632px\" \/><\/a><\/figure>\n<\/div>\n\n\n<p class=\"has-text-align-center\">&nbsp;<\/p>\n","protected":false},"excerpt":{"rendered":"<p>PELUQUER\u00cdA &#8211; U\u00d1AS ESCULPIDAS &#8211; EST\u00c9TICA Tel: 955 159 199 M\u00f3vil: 697 288 777 WhatsApp: 697288777 &nbsp;<\/p>\n","protected":false},"author":1,"featured_media":0,"parent":0,"menu_order":0,"comment_status":"closed","ping_status":"closed","template":"","meta":{"footnotes":""},"class_list":["post-44","page","type-page","status-publish","hentry","latest_post"],"_links":{"self":[{"href":"https:\/\/www.xn--gremioprofesionalesuasypeluqueria-mfd.com\/index.php\/wp-json\/wp\/v2\/pages\/44","targetHints":{"allow":["GET"]}}],"collection":[{"href":"https:\/\/www.xn--gremioprofesionalesuasypeluqueria-mfd.com\/index.php\/wp-json\/wp\/v2\/pages"}],"about":[{"href":"https:\/\/www.xn--gremioprofesionalesuasypeluqueria-mfd.com\/index.php\/wp-json\/wp\/v2\/types\/page"}],"author":[{"embeddable":true,"href":"https:\/\/www.xn--gremioprofesionalesuasypeluqueria-mfd.com\/index.php\/wp-json\/wp\/v2\/users\/1"}],"replies":[{"embeddable":true,"href":"https:\/\/www.xn--gremioprofesionalesuasypeluqueria-mfd.com\/index.php\/wp-json\/wp\/v2\/comments?post=44"}],"version-history":[{"count":20,"href":"https:\/\/www.xn--gremioprofesionalesuasypeluqueria-mfd.com\/index.php\/wp-json\/wp\/v2\/pages\/44\/revisions"}],"predecessor-version":[{"id":1275,"href":"https:\/\/www.xn--gremioprofesionalesuasypeluqueria-mfd.com\/index.php\/wp-json\/wp\/v2\/pages\/44\/revisions\/1275"}],"wp:attachment":[{"href":"https:\/\/www.xn--gremioprofesionalesuasypeluqueria-mfd.com\/index.php\/wp-json\/wp\/v2\/media?parent=44"}],"curies":[{"name":"wp","href":"https:\/\/api.w.org\/{rel}","templated":true}]}}